{"id":335,"date":"2022-11-20T20:38:38","date_gmt":"2022-11-20T19:38:38","guid":{"rendered":"http:\/\/at-securite08.fr\/?page_id=335"},"modified":"2022-11-23T05:35:25","modified_gmt":"2022-11-23T04:35:25","slug":"nos-services","status":"publish","type":"page","link":"https:\/\/at-securite08.fr\/index.php\/nos-services\/","title":{"rendered":"Nos services"},"content":{"rendered":"<div class=\"brz-root__container brz-reset-all\">\n<section data-uid=\"vwognoepujajujgkqicfjvdceepxmznxqkxk\" id=\"vwognoepujajujgkqicfjvdceepxmznxqkxk\" class=\"brz-section brz-css-cimko\">\n<div class=\"brz-section__content brz-section--boxed brz-css-wesuy brz-css-inxkr\" data-custom-id=\"fxgdzutmxnucuhvtslxhivwbwunqzuvrnpbe\">\n<div class=\"brz-bg\">\n<div class=\"brz-bg-image brz-bg-image-parallax\"><\/div>\n<\/div>\n<div class=\"brz-container brz-css-oiwrf brz-css-dkjux\">\n<div class=\"brz-row__container brz-css-otmvv\" data-custom-id=\"teztwqhycmwzxuvbrgpwsnewdlyfdqpcocqt\">\n<div class=\"brz-bg\"><\/div>\n<div class=\"brz-row brz-css-tiwhv brz-css-sxsqf\">\n<div class=\"brz-columns brz-css-meysc brz-css-oasec\" data-custom-id=\"ehabhocroiokbjmmisewlshtndvsfcuxmski\">\n<div class=\"brz-bg\">\n<div class=\"brz-bg-color\"><\/div>\n<\/div>\n<div class=\"brz-column__items brz-css-nwuba brz-css-dbxep\">\n<div class=\"brz-css-shvae brz-wrapper\">\n<div class=\"brz-rich-text brz-rich-text__custom brz-css-syxjp\" data-custom-id=\"owvmkaebvusfnvzditcmvbhyjeckefmhryfg\">\n<div>\n<h2 class=\"brz-css-qkvrh\" data-uniq-id=\"zxwlm\" data-generated-css=\"brz-css-xnsgq\"><span class=\"brz-cp-color8\">Seuls\u00a0<\/span><span>la passion<\/span><span class=\"brz-cp-color8\"> et\u00a0<\/span><span>le travail acharn\u00e9<\/span><span class=\"brz-cp-color8\"> sont les cl\u00e9s de notre succ\u00e8s. <\/span><\/h2>\n<\/div>\n<\/div>\n<\/div>\n<\/div>\n<\/div>\n<\/div>\n<\/div>\n<\/div>\n<\/div>\n<\/section>\n<section data-uid=\"mzljqsbqjgovmrdapqiooyeklznekmuxyhcx\" id=\"mzljqsbqjgovmrdapqiooyeklznekmuxyhcx\" class=\"brz-section brz-css-cimko\">\n<div class=\"brz-section__content brz-section--boxed brz-css-wesuy brz-css-ijgjs\" data-custom-id=\"vzspndepbebzrlssxnlwrtxdkytthrgzkyam\">\n<div class=\"brz-bg\">\n<div class=\"brz-bg-color\"><\/div>\n<\/div>\n<div class=\"brz-container brz-css-oiwrf brz-css-gqtyf\">\n<div class=\"brz-row__container brz-css-otmvv\" data-custom-id=\"irwycvqelblverfomtqrldrcdqdwaxyozwpc\">\n<div class=\"brz-bg\"><\/div>\n<div class=\"brz-row brz-css-tiwhv brz-css-sxsqf\">\n<div class=\"brz-columns brz-css-meysc brz-css-rydds\" data-custom-id=\"mehuswhvxjxhtnjnibtigofdrzefxintjywb\">\n<div class=\"brz-bg\"><\/div>\n<div class=\"brz-column__items brz-css-nwuba\">\n<div data-iteration-count=\"1\" class=\"brz-css-shvae brz-css-crwdq brz-wrapper brz-animated brz-css-esezd brz-css-hamxl\">\n<div class=\"brz-image brz-css-jsgue\"><img decoding=\"async\" class=\"brz-img\" src=\"https:\/\/at-securite08.fr\/wp-content\/uploads\/brizy\/imgs\/AgentSecuriteIncendie-1199x611x416x0x368x611x1668714224.jpg\" alt=\"\" loading=\"lazy\" \/><\/div>\n<\/div>\n<\/div>\n<\/div>\n<div data-iteration-count=\"1\" class=\"brz-columns brz-css-meysc brz-css-qndfx brz-animated brz-css-yjtwg brz-css-vuyzb\" data-custom-id=\"nhejufykotcrgcfbdpflbqsfchpjjesqyrnd\">\n<div class=\"brz-bg\"><\/div>\n<div class=\"brz-column__items brz-css-nwuba brz-css-zaruw\">\n<div class=\"brz-css-shvae brz-wrapper\">\n<div class=\"brz-rich-text brz-rich-text__custom brz-css-syxjp\" data-custom-id=\"unctxfhwcuwenetymvycwwxmqfwfdicpptlm\">\n<div>\n<h3 class=\"brz-css-ggzpp\" data-uniq-id=\"ljpmc\" data-generated-css=\"brz-css-zwgws\"><span>S\u00e9curit\u00e9 incendie<\/span><\/h3>\n<\/div>\n<\/div>\n<\/div>\n<div class=\"brz-css-shvae brz-wrapper\">\n<div class=\"brz-rich-text brz-rich-text__custom brz-css-syxjp\" data-custom-id=\"xhzrmlmmrapojyfquvsodmtjatrlxhgvhxxj\">\n<div>\n<p class=\"brz-css-xcovp\" data-generated-css=\"brz-css-xpiiz\" data-uniq-id=\"wjxhk\"><span class=\"brz-cp-color7\">Le domaine de la s\u00e9curit\u00e9 incendie \u00e9tant technique et r\u00e9glement\u00e9 nos \u00e9quipes ont d\u00e9velopp\u00e9 depuis des ann\u00e9es, une v\u00e9ritable expertise qui est aujourd&rsquo;hui reconnue et participe \u00e0 notre r\u00e9putation. Nos \u00e9quipes comptent plusieurs agents de s\u00e9curit\u00e9 incendie <\/span><span>SSIAP1<\/span><span class=\"brz-cp-color7\"> et chefs d&rsquo;\u00e9quipe de s\u00e9curit\u00e9 incendie <\/span><span>SSAP2<\/span><span class=\"brz-cp-color7\"> capables d&rsquo;intervenir en premi\u00e8re urgence apr\u00e8s avoir donner l&rsquo;alerte et pour porter <\/span><span>assistance aux personnes<\/span><span class=\"brz-cp-color7\">. R\u00e9guli\u00e8rement form\u00e9s aux nouvelles techniques d&rsquo;anticipation et de lutte incendie ils assurent la v\u00e9rification de vos alarmes incendie ainsi que des rondes de surveillance. Notre personnel peuvent intervenir notamment dans <\/span><span>les IGH et les ERP<\/span><span class=\"brz-cp-color7\"> et dans tous les types d&rsquo;\u00e9tablissements ( tertiaire, hospitalier, centres commerciaux, industriels, zones logistiques ).<\/span><\/p>\n<\/div>\n<\/div>\n<\/div>\n<div class=\"brz-wrapper-clone brz-css-ccsgc brz-css-kyncd\">\n<div class=\"brz-d-xs-flex brz-flex-xs-wrap brz-css-cxksh brz-css-vewnh\">\n<div class=\"brz-wrapper-clone__item brz-css-hrlhp\" id=\"bpgeeddqifohdhtfnanebjrsyezsevjygpni\"><a class=\"brz-a brz-btn brz-css-wsteb brz-css-hpzwy\" href data-brz-link-type=\"external\" id data-custom-id=\"bpgeeddqifohdhtfnanebjrsyezsevjygpni\"><span class=\"brz-span brz-text__editor\"><\/span><\/a><\/div>\n<\/div>\n<\/div>\n<\/div>\n<\/div>\n<\/div>\n<\/div>\n<div class=\"brz-css-shvae brz-css-dqrhy brz-css-tojjt brz-wrapper\">\n<div class=\"brz-spacer brz-css-dfkup brz-css-fsuzh\"><\/div>\n<\/div>\n<div class=\"brz-row__container brz-css-otmvv brz-css-bidgr\" data-custom-id=\"yyiwcpwfmzaxeqlqegaifczrtjbbomdqlfxn\">\n<div class=\"brz-bg\"><\/div>\n<div class=\"brz-row brz-css-tiwhv brz-css-sxsqf\">\n<div data-iteration-count=\"1\" class=\"brz-columns brz-css-meysc brz-css-ssthc brz-animated brz-css-pxjea brz-css-hvfmu\" data-custom-id=\"ghoenxzjdndmfksxoryuiqszcnmqdawildiz\">\n<div class=\"brz-bg\"><\/div>\n<div class=\"brz-column__items brz-css-nwuba brz-css-spset\">\n<div class=\"brz-css-shvae brz-wrapper\">\n<div class=\"brz-rich-text brz-rich-text__custom brz-css-syxjp\" data-custom-id=\"pjiefbycmottwokaxdktutloumsijawbesdg\">\n<div>\n<h3 class=\"brz-css-jwjtj\" data-uniq-id=\"ubdym\" data-generated-css=\"brz-css-ybbij\"><span>Surveillance humaine<\/span><\/h3>\n<\/div>\n<\/div>\n<\/div>\n<div class=\"brz-css-shvae brz-wrapper\">\n<div class=\"brz-rich-text brz-rich-text__custom brz-css-syxjp\" data-custom-id=\"ayemgvquopbnrsmfuowvluscfltwfrserakc\">\n<div>\n<p class=\"brz-css-xxsxk\" data-generated-css=\"brz-css-bxykf\" data-uniq-id=\"rwdsw\"><span class=\"brz-cp-color7\">Tous nos agents sont qualifi\u00e9s, form\u00e9s et entrain\u00e9s, pour surveiller, d\u00e9tecter, alerter, secourir et <\/span><span>intervenir<\/span><span class=\"brz-cp-color7\"> dans le cadre d&rsquo;un programme pr\u00e9cis. Nous assurons au sein de vos \u00e9tablissements des missions ponctuelles ou longue dur\u00e9e par la mise en place de : <\/span><\/p>\n<ul>\n<li class=\"brz-css-mjumq\" data-generated-css=\"brz-css-vgfgz\" data-uniq-id=\"luftz\"><span class=\"brz-cp-color7\">Contr\u00f4le et filtrage d&rsquo;acc\u00e8s<\/span><\/li>\n<li class=\"brz-css-fqbps\" data-generated-css=\"brz-css-reatt\" data-uniq-id=\"jjgix\"><span class=\"brz-cp-color7\">Services de surveillance statique <\/span><\/li>\n<li class=\"brz-css-svufg\" data-generated-css=\"brz-css-mwuzz\" data-uniq-id=\"rhlik\"><span class=\"brz-cp-color7\">Rondes de <\/span><span>surveillance<\/span><span class=\"brz-cp-color7\"> et de v\u00e9rification technique <\/span><\/li>\n<li class=\"brz-css-pbzkn\" data-generated-css=\"brz-css-mfkhi\" data-uniq-id=\"jrage\"><span class=\"brz-cp-color7\">Accompagnement de personnes (visiteurs ou collaborateurs) <\/span><\/li>\n<li class=\"brz-css-dmfex\" data-generated-css=\"brz-css-hwxex\" data-uniq-id=\"giscm\"><span>Contr\u00f4le<\/span><span class=\"brz-cp-color7\"> de vos colis et livraisons <\/span><\/li>\n<li class=\"brz-css-enpwq\" data-generated-css=\"brz-css-zdhkq\" data-uniq-id=\"dsndq\"><span class=\"brz-cp-color7\">Gestion de cl\u00e9s et des diff\u00e9rents moyens d&rsquo;acc\u00e8s <\/span><\/li>\n<li class=\"brz-css-nijae\" data-generated-css=\"brz-css-mbvze\" data-uniq-id=\"rsarx\"><span class=\"brz-cp-color7\">Et plus g\u00e9n\u00e9ralement toutes missions en lien avec votre s\u00e9curit\u00e9.<\/span><\/li>\n<\/ul>\n<\/div>\n<\/div>\n<\/div>\n<\/div>\n<\/div>\n<div data-iteration-count=\"1\" class=\"brz-columns brz-css-meysc brz-css-cyjin brz-animated brz-css-yjtwg brz-css-uawmu\" data-custom-id=\"wpkditxlqqlpnqcpdsxtbzinefroomqyasda\">\n<div class=\"brz-bg\"><\/div>\n<div class=\"brz-column__items brz-css-nwuba\">\n<div class=\"brz-css-shvae brz-css-eygza brz-wrapper\">\n<div class=\"brz-image brz-css-hgxnh\"><img decoding=\"async\" class=\"brz-img\" src=\"https:\/\/at-securite08.fr\/wp-content\/uploads\/brizy\/imgs\/image0-2-772x579x202x0x368x579x1668714466.jpeg\" alt=\"\" loading=\"lazy\" \/><\/div>\n<\/div>\n<\/div>\n<\/div>\n<\/div>\n<\/div>\n<\/div>\n<\/div>\n<\/section>\n<section data-uid=\"dbyvsrqpsypsipqahfowuiowpumunnywtolu\" id=\"dbyvsrqpsypsipqahfowuiowpumunnywtolu\" class=\"brz-section brz-css-cimko\">\n<div class=\"brz-section__content brz-section--boxed brz-css-wesuy brz-css-qrzic\" data-custom-id=\"qsqamsxkartdafxnqugpkkcwbtjlsykqxtzl\">\n<div class=\"brz-bg\">\n<div class=\"brz-bg-color\"><\/div>\n<\/div>\n<div class=\"brz-container brz-css-oiwrf brz-css-anixe\">\n<div class=\"brz-row__container brz-css-otmvv\" data-custom-id=\"hodfpyyslobvygwygjnqkrbogerewlkzvvug\">\n<div class=\"brz-bg\"><\/div>\n<div class=\"brz-row brz-css-tiwhv brz-css-sxsqf\">\n<div data-iteration-count=\"1\" class=\"brz-columns brz-css-meysc brz-css-pmpun brz-animated brz-css-pxjea brz-css-yuunf\" data-custom-id=\"mubcymiapirowgeodhhajwcrduqckjiwfehk\">\n<div class=\"brz-bg\"><\/div>\n<div class=\"brz-column__items brz-css-nwuba\">\n<div class=\"brz-css-shvae brz-css-ahijs brz-wrapper\">\n<div class=\"brz-image brz-css-swqgh\"><img decoding=\"async\" class=\"brz-img\" src=\"https:\/\/at-securite08.fr\/wp-content\/uploads\/brizy\/imgs\/IMG_0174-441x441x37x0x368x441x1668710933.jpg\" alt=\"\" loading=\"lazy\" \/><\/div>\n<\/div>\n<\/div>\n<\/div>\n<div data-iteration-count=\"1\" class=\"brz-columns brz-css-meysc brz-css-telhi brz-animated brz-css-yjtwg brz-css-vbxgs\" data-custom-id=\"rxjdgeriidfmgwuygjdahwuspvfjsbnoloua\">\n<div class=\"brz-bg\"><\/div>\n<div class=\"brz-column__items brz-css-nwuba brz-css-sysxs\">\n<div class=\"brz-css-shvae brz-wrapper\">\n<div class=\"brz-rich-text brz-rich-text__custom brz-css-syxjp\" data-custom-id=\"mhuwacbwdgwnqtabdzbpfrdacxmbzwyoeldv\">\n<div>\n<h3 class=\"brz-css-vxacb\" data-uniq-id=\"ztanp\" data-generated-css=\"brz-css-ikyxt\"><span>S\u00e9curit\u00e9 mobile<\/span><\/h3>\n<\/div>\n<\/div>\n<\/div>\n<div class=\"brz-css-shvae brz-wrapper\">\n<div class=\"brz-rich-text brz-rich-text__custom brz-css-syxjp\" data-custom-id=\"gpfrallypbsqjaovobhvfgicctpmrlmrgiha\">\n<div>\n<p class=\"brz-css-ietwl\" data-generated-css=\"brz-css-mbytn\" data-uniq-id=\"ujutf\"><span class=\"brz-cp-color7\">L&rsquo;\u00e9quipe d&rsquo;agents de <\/span><span>s\u00e9curit\u00e9 mobile<\/span><span class=\"brz-cp-color7\"> assure les rondes de dissuasion ainsi que des interventions sur alarme pour s\u00e9curiser vos biens, vos locaux et vos bureaux. Les agents intervenants sur alarmes sont \u00e9quip\u00e9s d&rsquo;un GSM avec fonction <\/span><span>P.T.I (Protection Travailleur Isol\u00e9)<\/span><span class=\"brz-cp-color7\">, mais sont aussi en liaison avec les centres de t\u00e9l\u00e9surveillance. De cette mani\u00e8re, nous mettons en place les moyens humains efficaces pour <\/span><span>s\u00e9curiser vos locaux<\/span><span class=\"brz-cp-color7\">.<\/span><\/p>\n<\/div>\n<\/div>\n<\/div>\n<\/div>\n<\/div>\n<\/div>\n<\/div>\n<div class=\"brz-css-shvae brz-css-dqrhy brz-css-aswpy brz-wrapper\">\n<div class=\"brz-spacer brz-css-dfkup brz-css-ckbny\"><\/div>\n<\/div>\n<div class=\"brz-row__container brz-css-otmvv brz-css-zfgrz\" data-custom-id=\"lrdeglehpxychfnlshaxkitfwwwiummthokx\">\n<div class=\"brz-bg\"><\/div>\n<div class=\"brz-row brz-css-tiwhv brz-css-sxsqf\">\n<div data-iteration-count=\"1\" class=\"brz-columns brz-css-meysc brz-css-ltbkd brz-animated brz-css-pxjea brz-css-uwjwd\" data-custom-id=\"acbtvdsillzxsdytmrtpcefpkubndgwjdagb\">\n<div class=\"brz-bg\"><\/div>\n<div class=\"brz-column__items brz-css-nwuba brz-css-kjpzr\">\n<div class=\"brz-css-shvae brz-wrapper\">\n<div class=\"brz-rich-text brz-rich-text__custom brz-css-syxjp\" data-custom-id=\"dwchrwqzzoqogkhiceitkjrzjfkljzxmnzkf\">\n<div>\n<h3 class=\"brz-css-abwgg\" data-uniq-id=\"qrqls\" data-generated-css=\"brz-css-tsfgz\"><span>S\u00e9curit\u00e9 \u00e9v\u00e9nementielle<\/span><\/h3>\n<\/div>\n<\/div>\n<\/div>\n<div class=\"brz-css-shvae brz-wrapper\">\n<div class=\"brz-rich-text brz-rich-text__custom brz-css-syxjp\" data-custom-id=\"ytwbfseohlckhflkvewvrnbivzovbtwzuvqg\">\n<div>\n<p class=\"brz-css-eqxod\" data-generated-css=\"brz-css-nhzne\" data-uniq-id=\"sgrrt\"><span class=\"brz-cp-color7\">Nous assurons la s\u00e9curit\u00e9 de toutes formes d&rsquo;\u00e9v\u00e8nements : assembl\u00e9es g\u00e9n\u00e9rales, inaugurations, festivals, salons, concerts foires, expositions, colloques, manifestations culturelles&#8230;Nous pouvons mobiliser rapidement notre personnel <\/span><span>sp\u00e9cialis\u00e9 dans les diff\u00e9rents domaines requis<\/span><span class=\"brz-cp-color7\"> ( agent de surveillance, agent de s\u00e9curit\u00e9 incendie etc&#8230; ) et assurer efficacement la protection globale de l&rsquo;\u00e9v\u00e8nement. Nos agents sont <\/span><span>\u00e9quip\u00e9s de moyens technologiques<\/span><span class=\"brz-cp-color7\"> : radios, GSM, oreillettes, micros et porteurs d&rsquo;une tenue adapt\u00e9e au caract\u00e8re que vous voulez donner \u00e0 votre service d&rsquo;ordre pour ex\u00e9cuter leur mission dans les conditions optimales. <\/span><\/p>\n<\/div>\n<\/div>\n<\/div>\n<\/div>\n<\/div>\n<div data-iteration-count=\"1\" class=\"brz-columns brz-css-meysc brz-css-zgovl brz-animated brz-css-yjtwg brz-css-gdxnp\" data-custom-id=\"nuwjahczncpwdqjamoxumbhvccbsymfjeysb\">\n<div class=\"brz-bg\"><\/div>\n<div class=\"brz-column__items brz-css-nwuba\">\n<div class=\"brz-css-shvae brz-css-opphb brz-wrapper\">\n<div class=\"brz-image brz-css-fhomx\"><img decoding=\"async\" class=\"brz-img\" src=\"https:\/\/at-securite08.fr\/wp-content\/uploads\/brizy\/imgs\/IMG_6775-394x516x13x0x368x516x1668714328.jpg\" alt=\"\" loading=\"lazy\" \/><\/div>\n<\/div>\n<\/div>\n<\/div>\n<\/div>\n<\/div>\n<\/div>\n<\/div>\n<\/section>\n<section data-uid=\"asrecusewrnmzvvtubwafgmllisqavuoxjzc\" id=\"asrecusewrnmzvvtubwafgmllisqavuoxjzc\" class=\"brz-section brz-css-cimko\">\n<div class=\"brz-section__content brz-section--boxed brz-css-wesuy brz-css-dimpr\" data-custom-id=\"bjovmfovpmqqlvdfwlfffbvbibycjozqhafj\">\n<div class=\"brz-bg\">\n<div class=\"brz-bg-image\"><\/div>\n<\/div>\n<div class=\"brz-container brz-css-oiwrf\">\n<div class=\"brz-row__container brz-css-otmvv\" data-custom-id=\"jjtkgtkihndoydygrvjagloysqfljkhmegyb\">\n<div class=\"brz-bg\"><\/div>\n<div class=\"brz-row brz-css-tiwhv brz-css-sxsqf\">\n<div class=\"brz-columns brz-css-meysc brz-css-drsdh\" data-custom-id=\"hpjebsqulbbtnxylwgvkeorxzxigzkwldybo\">\n<div class=\"brz-bg\"><\/div>\n<div class=\"brz-column__items brz-css-nwuba brz-css-rurez\">\n<div class=\"brz-css-shvae brz-wrapper\">\n<div class=\"brz-image brz-css-cvoqa\"><img decoding=\"async\" class=\"brz-img\" src=\"https:\/\/at-securite08.fr\/wp-content\/uploads\/brizy\/imgs\/LogoTranspa-clair-2-e1668635863434-160x126x1x0x158x126x1668635863.png\" alt=\"\" loading=\"lazy\" \/><\/div>\n<\/div>\n<div class=\"brz-css-shvae brz-css-dqrhy brz-wrapper\">\n<div class=\"brz-spacer brz-css-dfkup brz-css-tpugc\"><\/div>\n<\/div>\n<div class=\"brz-css-shvae brz-wrapper\">\n<div class=\"brz-rich-text brz-rich-text__custom brz-css-syxjp\" data-custom-id=\"uepxhmfhhxbnhgsmfuwpunvdyyjtkfqbjtmi\">\n<div>\n<p class=\"brz-css-uejad\" data-uniq-id=\"ysgom\" data-generated-css=\"brz-css-fiwnt\"><span>Bienvenue chez AT S\u00c9CURIT\u00c9, Agence de s\u00e9curit\u00e9 priv\u00e9e. Gardiennage, Rondes S\u00e9curit\u00e9 incendie, S\u00e9curit\u00e9 \u00e9v\u00e9nementiels, Protection rapproch\u00e9e.<\/span><\/p>\n<\/div>\n<\/div>\n<\/div>\n<\/div>\n<\/div>\n<div class=\"brz-columns brz-css-meysc brz-css-zkqjv\" data-custom-id=\"csbumzrcylvqbpuxfuzfkqrobvimynldoaws\">\n<div class=\"brz-bg\"><\/div>\n<div class=\"brz-column__items brz-css-nwuba\">\n<div class=\"brz-css-shvae brz-wrapper\">\n<div class=\"brz-rich-text brz-rich-text__custom brz-css-syxjp\" data-custom-id=\"gqzmrumkenxjudiivkdzbatpgpxrcttstswp\">\n<div>\n<p class=\"brz-css-soifj\"><span class=\"brz-cp-color8\">CONTACT<\/span><\/p>\n<\/div>\n<\/div>\n<\/div>\n<div class=\"brz-css-shvae brz-css-dqrhy brz-wrapper\">\n<div class=\"brz-spacer brz-css-dfkup brz-css-ofvvi\"><\/div>\n<\/div>\n<div class=\"brz-css-shvae brz-wrapper\">\n<div class=\"brz-rich-text brz-rich-text__custom brz-css-syxjp\" data-custom-id=\"xmfstfctdcniopmjsphkgcmqzdviupykhnrj\">\n<div>\n<p class=\"brz-css-zwapr\" data-uniq-id=\"mplwe\" data-generated-css=\"brz-css-dyrwj\"><span>6 rue Michelet<\/span><\/p>\n<p class=\"brz-css-gnlrs\" data-uniq-id=\"qukom\" data-generated-css=\"brz-css-svfmb\"><span>08000 Charleville-M\u00e9zi\u00e8res<\/span><\/p>\n<\/div>\n<\/div>\n<\/div>\n<div class=\"brz-css-shvae brz-wrapper\">\n<div class=\"brz-rich-text brz-rich-text__custom brz-css-syxjp\" data-custom-id=\"kekwzwhstrheybotrmnnoaytxvthupqmeuzg\">\n<div>\n<p class=\"brz-css-ulawd\" data-uniq-id=\"ozyzx\" data-generated-css=\"brz-css-lpzwe\"><span>P: 06 38 11 96 19 <\/span><\/p>\n<p class=\"brz-css-lmtby\" data-uniq-id=\"dxtuo\" data-generated-css=\"brz-css-nspsb\"><span>E: atsecurite08@gmail.com<\/span><\/p>\n<\/div>\n<\/div>\n<\/div>\n<\/div>\n<\/div>\n<div class=\"brz-columns brz-css-meysc brz-css-ogyih\" data-custom-id=\"vynpluhhtmekhcyuzyaytjweiltbmnzcttqo\">\n<div class=\"brz-bg\"><\/div>\n<div class=\"brz-column__items brz-css-nwuba\">\n<div class=\"brz-css-shvae brz-wrapper\">\n<div class=\"brz-rich-text brz-rich-text__custom brz-css-syxjp\" data-custom-id=\"aanzvttsrzmivkagdexdgzttuqrsvrporlcd\">\n<div>\n<p class=\"brz-css-oncdt\"><span class=\"brz-cp-color8\">SOCIAL<\/span><\/p>\n<\/div>\n<\/div>\n<\/div>\n<div class=\"brz-css-shvae brz-css-dqrhy brz-wrapper\">\n<div class=\"brz-spacer brz-css-dfkup brz-css-xhhve\"><\/div>\n<\/div>\n<div class=\"brz-css-shvae brz-css-rnlog brz-wrapper\">\n<div class=\"brz-icon-text brz-css-djgsa brz-css-cajtm\" data-custom-id=\"clfmghjaalugrgeyrkiryuzkplcixsomxrue\">\n<div id class=\"brz-icon__container\" data-custom-id=\"ziydtxaoncaywjfsnglafyryjcerurjflgpk\"><span class=\"brz-icon brz-span brz-css-kgfcm brz-css-ptngy\"><\/span><\/div>\n<div class=\"brz-text-btn\">\n<div class=\"brz-rich-text brz-rich-text__custom brz-css-syxjp\" data-custom-id=\"pgnbbcbgmailwtrsfkmwesvqgkqsqksngimj\">\n<div>\n<p class=\"brz-css-mlmhd\"><span>Twitter<\/span><\/p>\n<\/div>\n<\/div>\n<\/div>\n<\/div>\n<\/div>\n<div class=\"brz-css-shvae brz-css-souap brz-wrapper\">\n<div class=\"brz-icon-text brz-css-djgsa brz-css-glami\" data-custom-id=\"pruqhrejsmevgspkuhnjaxseptfqqsvawkui\">\n<div id class=\"brz-icon__container\" data-custom-id=\"pbccnsltbcwxsovwdlhegfxwqhzowjslawje\"><span class=\"brz-icon brz-span brz-css-kgfcm brz-css-pepja\"><\/span><\/div>\n<div class=\"brz-text-btn\">\n<div class=\"brz-rich-text brz-rich-text__custom brz-css-syxjp\" data-custom-id=\"blyxqromlkqvrbgqmspgoeovmpyzvtjjzqkz\">\n<div>\n<p class=\"brz-css-fjjkg\"><span>Facebook<\/span><\/p>\n<\/div>\n<\/div>\n<\/div>\n<\/div>\n<\/div>\n<div class=\"brz-css-shvae brz-wrapper\">\n<div class=\"brz-icon-text brz-css-djgsa brz-css-lkhvn\" data-custom-id=\"bikhaymcreiuobcymgxckpzjaserdlsizcpd\">\n<div id class=\"brz-icon__container\" data-custom-id=\"kbtmlfizvggarpcpnahqjhnzcziemxbtprts\"><span class=\"brz-icon brz-span brz-css-kgfcm brz-css-daore\"><\/span><\/div>\n<div class=\"brz-text-btn\">\n<div class=\"brz-rich-text brz-rich-text__custom brz-css-syxjp\" data-custom-id=\"aywtzyqtfmsvzxpqdhurhcuszsjhdfyxjnys\">\n<div>\n<p class=\"brz-css-dowhe\"><span>Youtube<\/span><\/p>\n<\/div>\n<\/div>\n<\/div>\n<\/div>\n<\/div>\n<\/div>\n<\/div>\n<\/div>\n<\/div>\n<div class=\"brz-css-shvae brz-css-dqrhy brz-css-ekkoi brz-wrapper\">\n<div class=\"brz-spacer brz-css-dfkup brz-css-klxij\"><\/div>\n<\/div>\n<div class=\"brz-css-shvae brz-css-fsphm brz-wrapper\">\n<div class=\"brz-line brz-line-default brz-css-moebw brz-css-mkyyg\" data-custom-id=\"pzshqiwlnmuxbjwlveybsqrjyqgqnpljtfea\">\n<hr class=\"brz-hr\" \/><\/div>\n<\/div>\n<div class=\"brz-css-shvae brz-wrapper\">\n<div class=\"brz-rich-text brz-rich-text__custom brz-css-syxjp\" data-custom-id=\"ivknkuzwfhknzschxaftjmauzonsistodpdg\">\n<div>\n<p class=\"brz-css-alkir\" data-uniq-id=\"tblmu\" data-generated-css=\"brz-css-abvzi\"><span>\u00a9 COPYRIGHT AT S\u00c9CURIT\u00c9 2022, TOUS DROITS R\u00c9SERV\u00c9S<\/span><\/p>\n<\/div>\n<\/div>\n<\/div>\n<\/div>\n<\/div>\n<\/section>\n<\/div>\n<p><!-- version:1669178125 --><\/p>\n","protected":false},"excerpt":{"rendered":"<p>Seuls\u00a0la passion et\u00a0le travail acharn\u00e9 sont les cl\u00e9s de notre succ\u00e8s. S\u00e9curit\u00e9 incendie Le domaine de la s\u00e9curit\u00e9 incendie \u00e9tant technique et r\u00e9glement\u00e9 nos \u00e9quipes ont d\u00e9velopp\u00e9 depuis des ann\u00e9es, une v\u00e9ritable expertise qui est aujourd&rsquo;hui reconnue et participe \u00e0 notre r\u00e9putation. Nos \u00e9quipes comptent plusieurs agents de s\u00e9curit\u00e9 incendie SSIAP1 et chefs d&rsquo;\u00e9quipe de [&hellip;]<\/p>\n","protected":false},"author":1,"featured_media":0,"parent":0,"menu_order":0,"comment_status":"closed","ping_status":"closed","template":"brizy-blank-template.php","meta":{"footnotes":""},"class_list":["post-335","page","type-page","status-publish","hentry"],"_links":{"self":[{"href":"https:\/\/at-securite08.fr\/index.php\/wp-json\/wp\/v2\/pages\/335","targetHints":{"allow":["GET"]}}],"collection":[{"href":"https:\/\/at-securite08.fr\/index.php\/wp-json\/wp\/v2\/pages"}],"about":[{"href":"https:\/\/at-securite08.fr\/index.php\/wp-json\/wp\/v2\/types\/page"}],"author":[{"embeddable":true,"href":"https:\/\/at-securite08.fr\/index.php\/wp-json\/wp\/v2\/users\/1"}],"replies":[{"embeddable":true,"href":"https:\/\/at-securite08.fr\/index.php\/wp-json\/wp\/v2\/comments?post=335"}],"version-history":[{"count":30,"href":"https:\/\/at-securite08.fr\/index.php\/wp-json\/wp\/v2\/pages\/335\/revisions"}],"predecessor-version":[{"id":1595,"href":"https:\/\/at-securite08.fr\/index.php\/wp-json\/wp\/v2\/pages\/335\/revisions\/1595"}],"wp:attachment":[{"href":"https:\/\/at-securite08.fr\/index.php\/wp-json\/wp\/v2\/media?parent=335"}],"curies":[{"name":"wp","href":"https:\/\/api.w.org\/{rel}","templated":true}]}}